{"id":1834,"date":"2025-08-13T09:19:00","date_gmt":"2025-08-13T09:19:00","guid":{"rendered":"https:\/\/demo.bravisthemes.com\/truemo\/?page_id=1834"},"modified":"2026-01-28T11:16:04","modified_gmt":"2026-01-28T11:16:04","slug":"contact","status":"publish","type":"page","link":"https:\/\/kabenmental.com\/ar\/contact\/","title":{"rendered":"\u0627\u062a\u0635\u0644 \u0628\u0646\u0627"},"content":{"rendered":"<div data-elementor-type=\"wp-page\" data-elementor-id=\"1834\" class=\"elementor elementor-1834\">\n\t\t\t\t<div class=\"elementor-element elementor-element-dc827f6 e-flex e-con-boxed pxl-column-none e-con e-parent\" data-id=\"dc827f6\" data-element_type=\"container\" data-settings=\"{&quot;background_background&quot;:&quot;classic&quot;}\">\t\t\t<div class=\"e-con-inner\">\r\n\t\t<div class=\"elementor-element elementor-element-ed98e58 e-con-full e-flex pxl-column-none e-con e-child\" data-id=\"ed98e58\" data-element_type=\"container\" data-settings=\"{&quot;background_background&quot;:&quot;classic&quot;}\">\t\t<div class=\"elementor-element elementor-element-5dc1006 elementor-widget elementor-widget-pxl_heading\" data-id=\"5dc1006\" data-element_type=\"widget\" data-widget_type=\"pxl_heading.default\">\n\t\t\t\t<div class=\"elementor-widget-container\">\n\t\t\t\t\t\n<div id=\"pxl-pxl_heading-5dc1006-5645\" class=\"pxl-heading px-sub-title-default-style\">\n\t<div class=\"pxl-heading--inner\">\n\t\t\t\t\t<div class=\"pxl-item--subtitle px-sub-title-default wow fadeInUp\" data-wow-delay=\"ms\">\n\t\t\t\t\t\t\t\t\t<div class=\"pxl-gap-sub\">\n\t\t\t\t\t<\/div>\n\t\t\t\t\t\t\t\t\n\t\t\t\t<span class=\"pxl-item--subtext\">\n\t\t\t\t\t\t\t\t\t\t\u0627\u062a\u0635\u0644 \u0628\u0646\u0627\n\t\t\t\t<\/span>\n\t\t\t<\/div>\n\t\t\n\t\t<h3 class=\"pxl-item--title style-default  highlight-default wow fadeInUp\" data-wow-delay=\"ms\">\n\t\t\t\t\t\t\t\u0627\u0644\u062d\u062c\u0632 \u0648\u0627\u0644\u062a\u0641\u0627\u0635\u064a\u0644\t\n\t\t\t\t\n\t\t<\/h3>\n\t\t\n\t<\/div>\n<\/div>\t\t\t\t<\/div>\n\t\t\t\t<\/div>\n\t\t\t\t<div class=\"elementor-element elementor-element-ae442cc elementor-widget elementor-widget-pxl_text_editor\" data-id=\"ae442cc\" data-element_type=\"widget\" data-widget_type=\"pxl_text_editor.default\">\n\t\t\t\t<div class=\"elementor-widget-container\">\n\t\t\t\t\t<div class=\"pxl-text-editor\">\n\t<div class=\"pxl-item--inner wow fadeInUp\" data-wow-delay=\"200ms\">\n\t\t<p>\u062a\u0641\u0627\u0635\u064a\u0644 \u0627\u0644\u062c\u0644\u0633\u0627\u062a \u0648\u0637\u0631\u064a\u0642\u0629 \u0627\u0644\u062d\u062c\u0632 \u062a\u064f\u062d\u062f\u064e\u0651\u062f \u062d\u0633\u0628 \u0646\u0648\u0639 \u0627\u0644\u0645\u0631\u0627\u0641\u0642\u0629 \u0648\u0637\u0631\u064a\u0642\u0629 \u0627\u0644\u062a\u0642\u062f\u064a\u0645.\n\u064a\u0631\u062c\u0649 \u0627\u0644\u062a\u0648\u0627\u0635\u0644 \u0644\u0637\u0644\u0628 \u0627\u0644\u062a\u0641\u0627\u0635\u064a\u0644 \u0623\u0648 \u062d\u062c\u0632 \u062c\u0644\u0633\u0629<\/p>\t\t\n\t<\/div>\n\t<!-- <\/> -->\n\t\t<\/div>\t\t\t\t<\/div>\n\t\t\t\t<\/div>\n\t\t<div class=\"elementor-element elementor-element-a463ee7 e-con-full e-flex pxl-column-none elementor-invisible e-con e-child\" data-id=\"a463ee7\" data-element_type=\"container\" data-settings=\"{&quot;position&quot;:&quot;absolute&quot;,&quot;animation&quot;:&quot;fadeInLeft&quot;}\">\t\t<\/div>\r\n\t\t<div class=\"elementor-element elementor-element-b95b5b9 e-con-full e-flex pxl-column-none e-con e-child\" data-id=\"b95b5b9\" data-element_type=\"container\" data-settings=\"{&quot;background_background&quot;:&quot;classic&quot;}\"><div class=\"elementor-element elementor-element-8bff81a e-con-full e-flex pxl-column-none e-con e-child\" data-id=\"8bff81a\" data-element_type=\"container\"><div class=\"elementor-element elementor-element-5af348c e-con-full e-flex pxl-column-none e-con e-child\" data-id=\"5af348c\" data-element_type=\"container\">\t\t<div class=\"elementor-element elementor-element-0b66338 elementor-widget elementor-widget-pxl_icon_box\" data-id=\"0b66338\" data-element_type=\"widget\" data-widget_type=\"pxl_icon_box.default\">\n\t\t\t\t<div class=\"elementor-widget-container\">\n\t\t\t\t\t<div class=\"pxl-icon-box pxl-icon-box4 style-1  wow fadeInUp\" data-wow-delay=\"500ms\">\r\n    <div class=\"pxl-item--inner\">\r\n        \r\n                            <div class=\"pxl-item-icon-border\">\r\n                <div class=\"pxl-item--icon\">\r\n                                    <a href=\"#\">\r\n                                        <svg xmlns=\"http:\/\/www.w3.org\/2000\/svg\" width=\"25\" height=\"25\" viewbox=\"0 0 25 25\" fill=\"none\"><g clip-path=\"url(#clip0_989_26229)\"><path d=\"M16.931 16.4628H15.4925L14.7452 16.1302V15.2228C15.7915 14.6464 16.6123 13.7095 17.0395 12.5806H17.6805C19.2071 12.5806 20.4491 11.3386 20.4491 9.81202C20.4491 8.82629 19.9309 7.95975 19.1529 7.46911V7.15341C19.153 3.3848 16.087 0.318848 12.3184 0.318848C8.54975 0.318848 5.48375 3.3848 5.48375 7.15346V7.46893C4.70563 7.95957 4.18723 8.82614 4.18723 9.81202C4.18723 11.3386 5.42923 12.5806 6.95581 12.5806H7.5972C8.02433 13.7095 8.84516 14.6464 9.89145 15.2228V16.1265L9.13578 16.4627H7.70563C3.63228 16.4628 0.318359 19.7768 0.318359 23.8501C0.318359 24.1089 0.528219 24.3188 0.787109 24.3188H10.209C10.4679 24.3188 10.6777 24.1089 10.6777 23.8501C10.6777 23.5913 10.4679 23.3813 10.209 23.3813H1.27269C1.50641 20.1419 4.14327 17.558 7.40469 17.4074C7.40347 17.4113 7.40178 17.4151 7.40066 17.419C7.36264 17.5526 7.38584 17.6962 7.46394 17.811L9.68136 21.0709C9.75992 21.1864 9.88587 21.2608 10.0249 21.2739C10.0396 21.2753 10.0543 21.276 10.069 21.276C10.1927 21.276 10.3121 21.227 10.4004 21.1387L12.3142 19.2249L14.2279 21.1387C14.3162 21.227 14.4357 21.276 14.5593 21.276C14.5739 21.276 14.5887 21.2753 14.6034 21.2739C14.7425 21.2608 14.8684 21.1864 14.947 21.0709L17.1644 17.811C17.2425 17.6962 17.2657 17.5526 17.2277 17.419C17.2265 17.415 17.2249 17.4112 17.2236 17.4071C20.4889 17.5536 23.1301 20.1392 23.364 23.3814H14.4277C14.1689 23.3814 13.959 23.5913 13.959 23.8501C13.959 24.109 14.1689 24.3189 14.4277 24.3189H23.8496C24.1085 24.3189 24.3184 24.109 24.3184 23.8501C24.3184 19.7768 21.0044 16.4628 16.931 16.4628ZM16.417 7.61339C15.4539 7.48116 14.5502 7.09744 13.7823 6.48994C13.614 6.35672 13.3766 6.35494 13.2062 6.48568C12.1992 7.25827 10.9946 7.66665 9.7227 7.66665C9.21223 7.66665 8.70889 7.59863 8.22134 7.46649V7.22818C8.22134 4.96918 10.0592 3.13135 12.3182 3.13135C14.5772 3.13135 16.415 4.96918 16.415 7.22818C16.4151 7.22818 16.416 7.60083 16.417 7.61339ZM17.6806 11.6431H17.3638V7.98094H17.6806C18.6903 7.98094 19.5117 8.80233 19.5117 9.81207C19.5117 10.8217 18.6903 11.6431 17.6806 11.6431ZM12.3184 1.25635C15.5507 1.25635 18.1835 3.87052 18.2147 7.09566C18.0418 7.06172 17.8633 7.04344 17.6805 7.04344H17.3488C17.2512 4.35277 15.0323 2.19385 12.3182 2.19385C9.60406 2.19385 7.38514 4.35277 7.28755 7.04344H6.95586C6.77323 7.04344 6.59487 7.06168 6.422 7.09561C6.45322 3.87052 9.08605 1.25635 12.3184 1.25635ZM7.27255 11.6431H6.95586C5.94617 11.6431 5.12478 10.8217 5.12478 9.81202C5.12478 8.80233 5.94617 7.98089 6.95586 7.98089H7.27259L7.27255 11.6431ZM8.21005 10.8003V8.43127C8.70392 8.54602 9.21041 8.60415 9.7227 8.60415C11.0829 8.60415 12.3772 8.20266 13.4877 7.43954C14.3605 8.05472 15.3646 8.43666 16.4263 8.55919V10.8256C16.4236 11.265 16.3516 11.6882 16.2207 12.0849H13.9822C13.7885 11.5372 13.2658 11.1436 12.6527 11.1436H12.0252C11.2477 11.1436 10.6152 11.7762 10.6152 12.5536C10.6152 13.3311 11.2477 13.9636 12.0252 13.9636H12.6527C13.2658 13.9636 13.7886 13.5701 13.9822 13.0224H15.7723C15.0403 14.1563 13.7656 14.9086 12.3184 14.9086C10.053 14.9086 8.21005 13.0657 8.21005 10.8003ZM13.1252 12.5536C13.1252 12.8142 12.9133 13.0261 12.6527 13.0261H12.0252C11.7647 13.0261 11.5528 12.8142 11.5528 12.5536C11.5528 12.2931 11.7647 12.0811 12.0252 12.0811H12.6527C12.9132 12.0811 13.1252 12.2931 13.1252 12.5536ZM12.3184 15.8461C12.8366 15.8461 13.3368 15.7674 13.8077 15.6217V16.4055L12.3142 17.899L10.829 16.4138V15.6217C11.3 15.7674 11.8001 15.8461 12.3184 15.8461ZM10.138 20.0753L8.55462 17.7476L10.1339 17.0447L11.6512 18.562L10.138 20.0753ZM14.4904 20.0753L12.9771 18.562L14.4944 17.0447L16.0737 17.7476L14.4904 20.0753Z\" fill=\"#45494F\"><\/path><path d=\"M12.3184 23.3794C12.1951 23.3794 12.0741 23.4295 11.987 23.5167C11.8998 23.6039 11.8496 23.7249 11.8496 23.8481C11.8496 23.9714 11.8997 24.0924 11.987 24.1795C12.0741 24.2667 12.1951 24.3169 12.3184 24.3169C12.4416 24.3169 12.5626 24.2667 12.6497 24.1795C12.737 24.0924 12.7871 23.9714 12.7871 23.8481C12.7871 23.7249 12.737 23.6039 12.6497 23.5167C12.5626 23.4295 12.4416 23.3794 12.3184 23.3794Z\" fill=\"#45494F\"><\/path><\/g><defs><clippath id=\"clip0_989_26229\"><rect width=\"24\" height=\"24\" fill=\"white\" transform=\"translate(0.318359 0.318848)\"><\/rect><\/clippath><\/defs><\/svg>                                        <\/a>\r\n                                <\/div>\r\n                <\/div>\r\n                        <div class=\"pxl-item--meta\">\r\n            <h5 class=\"pxl-item--title el-empty\">\r\n                             <a href=\"#\">\r\n                        \u0631\u0642\u0645 \u0627\u0644\u0647\u0627\u062a\u0641                             <\/a>\r\n                        <\/h5>\r\n            <div class=\"pxl-item--description el-empty\">+216 22 543 343                <a href=\"#\"><\/a>\r\n            <\/div>\r\n        <\/div>\r\n    <\/div>\r\n<\/div>\t\t\t\t<\/div>\n\t\t\t\t<\/div>\n\t\t\t\t<\/div>\r\n\t\t<div class=\"elementor-element elementor-element-6515f3a e-con-full e-flex pxl-column-none e-con e-child\" data-id=\"6515f3a\" data-element_type=\"container\">\t\t<div class=\"elementor-element elementor-element-60c257a elementor-widget elementor-widget-pxl_icon_box\" data-id=\"60c257a\" data-element_type=\"widget\" data-widget_type=\"pxl_icon_box.default\">\n\t\t\t\t<div class=\"elementor-widget-container\">\n\t\t\t\t\t<div class=\"pxl-icon-box pxl-icon-box4 style-1  wow fadeInUp\" data-wow-delay=\"500ms\">\r\n    <div class=\"pxl-item--inner\">\r\n        \r\n                            <div class=\"pxl-item-icon-border\">\r\n                <div class=\"pxl-item--icon\">\r\n                                    <svg xmlns=\"http:\/\/www.w3.org\/2000\/svg\" width=\"25\" height=\"25\" viewbox=\"0 0 25 25\" fill=\"none\"><g clip-path=\"url(#clip0_989_26229)\"><path d=\"M16.931 16.4628H15.4925L14.7452 16.1302V15.2228C15.7915 14.6464 16.6123 13.7095 17.0395 12.5806H17.6805C19.2071 12.5806 20.4491 11.3386 20.4491 9.81202C20.4491 8.82629 19.9309 7.95975 19.1529 7.46911V7.15341C19.153 3.3848 16.087 0.318848 12.3184 0.318848C8.54975 0.318848 5.48375 3.3848 5.48375 7.15346V7.46893C4.70563 7.95957 4.18723 8.82614 4.18723 9.81202C4.18723 11.3386 5.42923 12.5806 6.95581 12.5806H7.5972C8.02433 13.7095 8.84516 14.6464 9.89145 15.2228V16.1265L9.13578 16.4627H7.70563C3.63228 16.4628 0.318359 19.7768 0.318359 23.8501C0.318359 24.1089 0.528219 24.3188 0.787109 24.3188H10.209C10.4679 24.3188 10.6777 24.1089 10.6777 23.8501C10.6777 23.5913 10.4679 23.3813 10.209 23.3813H1.27269C1.50641 20.1419 4.14327 17.558 7.40469 17.4074C7.40347 17.4113 7.40178 17.4151 7.40066 17.419C7.36264 17.5526 7.38584 17.6962 7.46394 17.811L9.68136 21.0709C9.75992 21.1864 9.88587 21.2608 10.0249 21.2739C10.0396 21.2753 10.0543 21.276 10.069 21.276C10.1927 21.276 10.3121 21.227 10.4004 21.1387L12.3142 19.2249L14.2279 21.1387C14.3162 21.227 14.4357 21.276 14.5593 21.276C14.5739 21.276 14.5887 21.2753 14.6034 21.2739C14.7425 21.2608 14.8684 21.1864 14.947 21.0709L17.1644 17.811C17.2425 17.6962 17.2657 17.5526 17.2277 17.419C17.2265 17.415 17.2249 17.4112 17.2236 17.4071C20.4889 17.5536 23.1301 20.1392 23.364 23.3814H14.4277C14.1689 23.3814 13.959 23.5913 13.959 23.8501C13.959 24.109 14.1689 24.3189 14.4277 24.3189H23.8496C24.1085 24.3189 24.3184 24.109 24.3184 23.8501C24.3184 19.7768 21.0044 16.4628 16.931 16.4628ZM16.417 7.61339C15.4539 7.48116 14.5502 7.09744 13.7823 6.48994C13.614 6.35672 13.3766 6.35494 13.2062 6.48568C12.1992 7.25827 10.9946 7.66665 9.7227 7.66665C9.21223 7.66665 8.70889 7.59863 8.22134 7.46649V7.22818C8.22134 4.96918 10.0592 3.13135 12.3182 3.13135C14.5772 3.13135 16.415 4.96918 16.415 7.22818C16.4151 7.22818 16.416 7.60083 16.417 7.61339ZM17.6806 11.6431H17.3638V7.98094H17.6806C18.6903 7.98094 19.5117 8.80233 19.5117 9.81207C19.5117 10.8217 18.6903 11.6431 17.6806 11.6431ZM12.3184 1.25635C15.5507 1.25635 18.1835 3.87052 18.2147 7.09566C18.0418 7.06172 17.8633 7.04344 17.6805 7.04344H17.3488C17.2512 4.35277 15.0323 2.19385 12.3182 2.19385C9.60406 2.19385 7.38514 4.35277 7.28755 7.04344H6.95586C6.77323 7.04344 6.59487 7.06168 6.422 7.09561C6.45322 3.87052 9.08605 1.25635 12.3184 1.25635ZM7.27255 11.6431H6.95586C5.94617 11.6431 5.12478 10.8217 5.12478 9.81202C5.12478 8.80233 5.94617 7.98089 6.95586 7.98089H7.27259L7.27255 11.6431ZM8.21005 10.8003V8.43127C8.70392 8.54602 9.21041 8.60415 9.7227 8.60415C11.0829 8.60415 12.3772 8.20266 13.4877 7.43954C14.3605 8.05472 15.3646 8.43666 16.4263 8.55919V10.8256C16.4236 11.265 16.3516 11.6882 16.2207 12.0849H13.9822C13.7885 11.5372 13.2658 11.1436 12.6527 11.1436H12.0252C11.2477 11.1436 10.6152 11.7762 10.6152 12.5536C10.6152 13.3311 11.2477 13.9636 12.0252 13.9636H12.6527C13.2658 13.9636 13.7886 13.5701 13.9822 13.0224H15.7723C15.0403 14.1563 13.7656 14.9086 12.3184 14.9086C10.053 14.9086 8.21005 13.0657 8.21005 10.8003ZM13.1252 12.5536C13.1252 12.8142 12.9133 13.0261 12.6527 13.0261H12.0252C11.7647 13.0261 11.5528 12.8142 11.5528 12.5536C11.5528 12.2931 11.7647 12.0811 12.0252 12.0811H12.6527C12.9132 12.0811 13.1252 12.2931 13.1252 12.5536ZM12.3184 15.8461C12.8366 15.8461 13.3368 15.7674 13.8077 15.6217V16.4055L12.3142 17.899L10.829 16.4138V15.6217C11.3 15.7674 11.8001 15.8461 12.3184 15.8461ZM10.138 20.0753L8.55462 17.7476L10.1339 17.0447L11.6512 18.562L10.138 20.0753ZM14.4904 20.0753L12.9771 18.562L14.4944 17.0447L16.0737 17.7476L14.4904 20.0753Z\" fill=\"#45494F\"><\/path><path d=\"M12.3184 23.3794C12.1951 23.3794 12.0741 23.4295 11.987 23.5167C11.8998 23.6039 11.8496 23.7249 11.8496 23.8481C11.8496 23.9714 11.8997 24.0924 11.987 24.1795C12.0741 24.2667 12.1951 24.3169 12.3184 24.3169C12.4416 24.3169 12.5626 24.2667 12.6497 24.1795C12.737 24.0924 12.7871 23.9714 12.7871 23.8481C12.7871 23.7249 12.737 23.6039 12.6497 23.5167C12.5626 23.4295 12.4416 23.3794 12.3184 23.3794Z\" fill=\"#45494F\"><\/path><\/g><defs><clippath id=\"clip0_989_26229\"><rect width=\"24\" height=\"24\" fill=\"white\" transform=\"translate(0.318359 0.318848)\"><\/rect><\/clippath><\/defs><\/svg>                                    <\/div>\r\n                <\/div>\r\n                        <div class=\"pxl-item--meta\">\r\n            <h5 class=\"pxl-item--title el-empty\">\r\n                             <a >\r\n                        \u0627\u0644\u0628\u0631\u064a\u062f \u0627\u0644\u0625\u0644\u0643\u062a\u0631\u0648\u0646\u064a                             <\/a>\r\n                        <\/h5>\r\n            <div class=\"pxl-item--description el-empty\">bentaherk84@gmail.com                <a ><\/a>\r\n            <\/div>\r\n        <\/div>\r\n    <\/div>\r\n<\/div>\t\t\t\t<\/div>\n\t\t\t\t<\/div>\n\t\t\t\t<\/div>\r\n\t\t\t\t<\/div>\r\n\t\t\t\t<\/div>\r\n\t\t\t\t<\/div>\r\n\t\t<div class=\"elementor-element elementor-element-5d56cdd e-con-full e-flex pxl-column-none e-con e-child\" data-id=\"5d56cdd\" data-element_type=\"container\">\t\t<div class=\"elementor-element elementor-element-de5aa8d elementor-widget elementor-widget-pxl_contact_form\" data-id=\"de5aa8d\" data-element_type=\"widget\" data-widget_type=\"pxl_contact_form.default\">\n\t\t\t\t<div class=\"elementor-widget-container\">\n\t\t\t\t\t    <div class=\"pxl-contact-form pxl-contact-form1 btn-w-auto\" data-wow-delay=\"ms\">\r\n        \n<div class=\"wpcf7 no-js\" id=\"wpcf7-f1850-o1\" lang=\"en-US\" dir=\"ltr\" data-wpcf7-id=\"1850\">\n<div class=\"screen-reader-response\"><p role=\"status\" aria-live=\"polite\" aria-atomic=\"true\"><\/p> <ul><\/ul><\/div>\n<form action=\"\/ar\/wp-json\/wp\/v2\/pages\/1834#wpcf7-f1850-o1\" method=\"post\" class=\"wpcf7-form init\" aria-label=\"Contact form\" novalidate=\"novalidate\" data-status=\"init\" data-trp-original-action=\"\/ar\/wp-json\/wp\/v2\/pages\/1834#wpcf7-f1850-o1\">\n<fieldset class=\"hidden-fields-container\"><input type=\"hidden\" name=\"_wpcf7\" value=\"1850\" \/><input type=\"hidden\" name=\"_wpcf7_version\" value=\"6.1.4\" \/><input type=\"hidden\" name=\"_wpcf7_locale\" value=\"en_US\" \/><input type=\"hidden\" name=\"_wpcf7_unit_tag\" value=\"wpcf7-f1850-o1\" \/><input type=\"hidden\" name=\"_wpcf7_container_post\" value=\"0\" \/><input type=\"hidden\" name=\"_wpcf7_posted_data_hash\" value=\"\" \/>\n<\/fieldset>\n<div class=\"contact-form-contact\">\n\t<h4>\u0623\u0631\u0633\u0644\u0648\u0627 \u0644\u0646\u0627 \u0631\u0633\u0627\u0626\u0644\u0643\u0645\n\t<\/h4>\n\t<div class=\"line--1\">\n\t\t<p><label class=\"firstname\" for=\"firstname\"><br \/>\n<span class=\"wpcf7-form-control-wrap\" data-name=\"first-name\"><input size=\"40\" maxlength=\"400\" class=\"wpcf7-form-control wpcf7-text wpcf7-validates-as-required\" aria-required=\"true\" aria-invalid=\"false\" placeholder=\"\u0627\u0644\u0627\u0633\u0645 \u0627\u0644\u0623\u0648\u0644\" value=\"\" type=\"text\" name=\"first-name\" \/><\/span><br \/>\n<\/label>\n\t\t<\/p>\n\t\t<p><label class=\"lastname\" for=\"lastname\"><br \/>\n<span class=\"wpcf7-form-control-wrap\" data-name=\"last-name\"><input size=\"40\" maxlength=\"400\" class=\"wpcf7-form-control wpcf7-text wpcf7-validates-as-required\" aria-required=\"true\" aria-invalid=\"false\" placeholder=\"\u0627\u0644\u0644\u0642\u0628\" value=\"\" type=\"text\" name=\"last-name\" \/><\/span><br \/>\n<\/label>\n\t\t<\/p>\n\t<\/div>\n\t<div class=\"line--2\">\n\t\t<p><label class=\"email\" for=\"email\"><br \/>\n<span class=\"wpcf7-form-control-wrap\" data-name=\"your-email\"><input size=\"40\" maxlength=\"400\" class=\"wpcf7-form-control wpcf7-email wpcf7-validates-as-required wpcf7-text wpcf7-validates-as-email\" aria-required=\"true\" aria-invalid=\"false\" placeholder=\"\u0627\u0644\u0628\u0631\u064a\u062f \u0627\u0644\u0625\u0644\u0643\u062a\u0631\u0648\u0646\u064a\" value=\"\" type=\"email\" name=\"your-email\" \/><\/span><br \/>\n<\/label>\n\t\t<\/p>\n\t\t<p><label class=\"phone\" for=\"phone\"><br \/>\n<span class=\"wpcf7-form-control-wrap\" data-name=\"phone\"><input size=\"40\" maxlength=\"400\" class=\"wpcf7-form-control wpcf7-tel wpcf7-validates-as-required wpcf7-text wpcf7-validates-as-tel\" aria-required=\"true\" aria-invalid=\"false\" placeholder=\"\u0631\u0642\u0645 \u0627\u0644\u0647\u0627\u062a\u0641\" value=\"\" type=\"tel\" name=\"phone\" \/><\/span><br \/>\n<\/label>\n\t\t<\/p>\n\t\t<p><label class=\"message\" for=\"message\"><br \/>\n<span class=\"wpcf7-form-control-wrap\" data-name=\"your-message\"><textarea cols=\"40\" rows=\"10\" maxlength=\"2000\" class=\"wpcf7-form-control wpcf7-textarea\" aria-invalid=\"false\" placeholder=\"\u0631\u0633\u0627\u0644\u0629\" name=\"your-message\"><\/textarea><\/span><br \/>\n<\/label>\n\t\t<\/p>\n\t<\/div>\n\t<div class=\"line--4\">\n\t\t<p><button class=\"button btn gradient-wipe\" type=\"submit\" style=\"display: flex; align-items: center; justify-content: center; color: white; border: none; cursor: pointer; width: 100%;\"><br \/>\n\u0625\u0631\u0633\u0627\u0644<br \/>\n<\/button>\n\t\t<\/p>\n\t<\/div>\n<\/div><div class=\"wpcf7-response-output\" aria-hidden=\"true\"><\/div>\n<input type=\"hidden\" name=\"trp-form-language\" value=\"ar\"\/><\/form>\n<\/div>\n    <\/div>\r\n\t\t\t\t<\/div>\n\t\t\t\t<\/div>\n\t\t<div class=\"elementor-element elementor-element-6439ade e-con-full e-flex pxl-column-none elementor-invisible e-con e-child\" data-id=\"6439ade\" data-element_type=\"container\" data-settings=\"{&quot;position&quot;:&quot;absolute&quot;,&quot;animation&quot;:&quot;fadeInRight&quot;,&quot;background_background&quot;:&quot;classic&quot;}\">\t\t<\/div>\r\n\t\t\t\t<\/div>\r\n\t\t\t\t\t<\/div>\r\n\t\t\t\t<\/div>\r\n\t\t<div class=\"elementor-element elementor-element-0a96ffa e-flex e-con-boxed pxl-column-none e-con e-parent\" data-id=\"0a96ffa\" data-element_type=\"container\">\t\t\t<div class=\"e-con-inner\">\r\n\t\t\t\t<div class=\"elementor-element elementor-element-ec3d066 elementor-widget elementor-widget-google_maps\" data-id=\"ec3d066\" data-element_type=\"widget\" data-widget_type=\"google_maps.default\">\n\t\t\t\t\t\t\t<div class=\"elementor-custom-embed\">\n\t\t\t<iframe loading=\"lazy\"\n\t\t\t\t\tsrc=\"https:\/\/maps.google.com\/maps?q=36.852463%2C%2010.171273&#038;t=m&#038;z=15&#038;output=embed&#038;iwloc=near\"\n\t\t\t\t\ttitle=\"36.852463, 10.171273\"\n\t\t\t\t\taria-label=\"36.852463, 10.171273\"\n\t\t\t><\/iframe>\n\t\t<\/div>\n\t\t\t\t\t\t<\/div>\n\t\t\t\t\t<\/div>\r\n\t\t\t\t<\/div>\r\n\t\t\t\t<\/div>","protected":false},"excerpt":{"rendered":"<p>Contactez Nous R\u00e9servation et informations Les modalit\u00e9s des s\u00e9ances et la prise de rendez-vous varient selon le type d\u2019accompagnement et le format choisi. Phone +216 22 543 343 Email bentaherk84@gmail.com Envoyez-nous un message Envoyer<\/p>","protected":false},"author":1,"featured_media":0,"parent":0,"menu_order":0,"comment_status":"closed","ping_status":"closed","template":"","meta":{"footnotes":""},"class_list":["post-1834","page","type-page","status-publish","hentry"],"_links":{"self":[{"href":"https:\/\/kabenmental.com\/ar\/wp-json\/wp\/v2\/pages\/1834","targetHints":{"allow":["GET"]}}],"collection":[{"href":"https:\/\/kabenmental.com\/ar\/wp-json\/wp\/v2\/pages"}],"about":[{"href":"https:\/\/kabenmental.com\/ar\/wp-json\/wp\/v2\/types\/page"}],"author":[{"embeddable":true,"href":"https:\/\/kabenmental.com\/ar\/wp-json\/wp\/v2\/users\/1"}],"replies":[{"embeddable":true,"href":"https:\/\/kabenmental.com\/ar\/wp-json\/wp\/v2\/comments?post=1834"}],"version-history":[{"count":0,"href":"https:\/\/kabenmental.com\/ar\/wp-json\/wp\/v2\/pages\/1834\/revisions"}],"wp:attachment":[{"href":"https:\/\/kabenmental.com\/ar\/wp-json\/wp\/v2\/media?parent=1834"}],"curies":[{"name":"wp","href":"https:\/\/api.w.org\/{rel}","templated":true}]}}